{"id":8024,"date":"2025-07-29T15:04:50","date_gmt":"2025-07-29T18:04:50","guid":{"rendered":"https:\/\/kasadesign.com.ar\/store\/?post_type=product&#038;p=8024"},"modified":"2025-11-10T09:21:46","modified_gmt":"2025-11-10T12:21:46","slug":"mesa-grace","status":"publish","type":"product","link":"https:\/\/kasadesign.com.ar\/store\/?product=mesa-grace","title":{"rendered":"mesa Grace"},"content":{"rendered":"<p>Mesa realizada en pinotea (consultar disponibilidad de esta madera) o en paraiso.<\/p>\n<p>Las medidas son perfectas para ambientes medianos: 60 cm x 90 cm x 36 cm<\/p>\n<p data-start=\"74\" data-end=\"426\"><strong data-start=\"74\" data-end=\"99\">Mesa Grace de Pinotea<\/strong><br data-start=\"99\" data-end=\"102\" \/>La Mesa Grace est\u00e1 hecha en <strong data-start=\"130\" data-end=\"169\">madera maciza de pinotea recuperada<\/strong>, con un acabado natural de <strong data-start=\"197\" data-end=\"217\">lustre a la cera<\/strong> que realza la calidez y textura original de la madera.<br data-start=\"272\" data-end=\"275\" \/>De <strong data-start=\"278\" data-end=\"311\">l\u00edneas simples y minimalistas<\/strong>, su dise\u00f1o atemporal la convierte en una pieza vers\u00e1til, ideal para espacios contempor\u00e1neos o con toques r\u00fasticos.<\/p>\n<p data-start=\"428\" data-end=\"517\">Medidas: <strong data-start=\"437\" data-end=\"451\">60 x 90 cm<\/strong><br data-start=\"451\" data-end=\"454\" \/>Perfecta como mesa ratona!<\/p>\n","protected":false},"excerpt":{"rendered":"<p>Mesa realizada en pinotea (consultar disponibilidad de esta madera) o en paraiso. Las medidas son perfectas para ambientes medianos: 60 cm x 90 cm x 36 cm Mesa Grace de PinoteaLa Mesa Grace est\u00e1 hecha en madera maciza de pinotea recuperada, con un acabado natural de lustre a la cera que realza la calidez y [&hellip;]<\/p>\n","protected":false},"featured_media":1948,"comment_status":"open","ping_status":"closed","template":"","meta":[],"product_brand":[],"product_cat":[42,36,40],"product_tag":[],"class_list":{"0":"post-8024","1":"product","2":"type-product","3":"status-publish","4":"has-post-thumbnail","6":"product_cat-mesas","7":"product_cat-mesas-bajas1","8":"product_cat-todos","10":"first","11":"instock","12":"shipping-taxable","13":"purchasable","14":"product-type-simple"},"_links":{"self":[{"href":"https:\/\/kasadesign.com.ar\/store\/index.php?rest_route=\/wp\/v2\/product\/8024","targetHints":{"allow":["GET"]}}],"collection":[{"href":"https:\/\/kasadesign.com.ar\/store\/index.php?rest_route=\/wp\/v2\/product"}],"about":[{"href":"https:\/\/kasadesign.com.ar\/store\/index.php?rest_route=\/wp\/v2\/types\/product"}],"replies":[{"embeddable":true,"href":"https:\/\/kasadesign.com.ar\/store\/index.php?rest_route=%2Fwp%2Fv2%2Fcomments&post=8024"}],"wp:featuredmedia":[{"embeddable":true,"href":"https:\/\/kasadesign.com.ar\/store\/index.php?rest_route=\/wp\/v2\/media\/1948"}],"wp:attachment":[{"href":"https:\/\/kasadesign.com.ar\/store\/index.php?rest_route=%2Fwp%2Fv2%2Fmedia&parent=8024"}],"wp:term":[{"taxonomy":"product_brand","embeddable":true,"href":"https:\/\/kasadesign.com.ar\/store\/index.php?rest_route=%2Fwp%2Fv2%2Fproduct_brand&post=8024"},{"taxonomy":"product_cat","embeddable":true,"href":"https:\/\/kasadesign.com.ar\/store\/index.php?rest_route=%2Fwp%2Fv2%2Fproduct_cat&post=8024"},{"taxonomy":"product_tag","embeddable":true,"href":"https:\/\/kasadesign.com.ar\/store\/index.php?rest_route=%2Fwp%2Fv2%2Fproduct_tag&post=8024"}],"curies":[{"name":"wp","href":"https:\/\/api.w.org\/{rel}","templated":true}]}}