{"id":8019,"date":"2025-07-25T13:42:44","date_gmt":"2025-07-25T16:42:44","guid":{"rendered":"https:\/\/kasadesign.com.ar\/store\/?post_type=product&#038;p=8019"},"modified":"2025-11-18T14:17:52","modified_gmt":"2025-11-18T17:17:52","slug":"mesa-white","status":"publish","type":"product","link":"https:\/\/kasadesign.com.ar\/store\/?product=mesa-white","title":{"rendered":"Mesa WHITE"},"content":{"rendered":"<p>La mesa WHITE es simple, elegante y atemporal! Hoy o en el futuro, podr\u00e1 ser usada sin pasar de moda, ya que sigue los principios de la arquitectura y dise\u00f1o modernos.<\/p>\n<p>Est\u00e1 enteramente laqueada de blanco, y sus pies tienen lineas verticales, de ahi su nombre LINES\/<\/p>\n<p>La recomendamos en las siguientes medidas: 2.2 x 1 m<\/p>\n<p>Tambien puede ser toda de madera paraiso<\/p>\n<p>&nbsp;<\/p>\n","protected":false},"excerpt":{"rendered":"<p>La mesa WHITE es simple, elegante y atemporal! Hoy o en el futuro, podr\u00e1 ser usada sin pasar de moda, ya que sigue los principios de la arquitectura y dise\u00f1o modernos. Est\u00e1 enteramente laqueada de blanco, y sus pies tienen lineas verticales, de ahi su nombre LINES\/ La recomendamos en las siguientes medidas: 2.2 x [&hellip;]<\/p>\n","protected":false},"featured_media":8020,"comment_status":"open","ping_status":"closed","template":"","meta":[],"product_brand":[],"product_cat":[42,37],"product_tag":[],"class_list":{"0":"post-8019","1":"product","2":"type-product","3":"status-publish","4":"has-post-thumbnail","6":"product_cat-mesas","7":"product_cat-mesas-de-comer1","9":"first","10":"instock","11":"shipping-taxable","12":"purchasable","13":"product-type-simple"},"_links":{"self":[{"href":"https:\/\/kasadesign.com.ar\/store\/index.php?rest_route=\/wp\/v2\/product\/8019","targetHints":{"allow":["GET"]}}],"collection":[{"href":"https:\/\/kasadesign.com.ar\/store\/index.php?rest_route=\/wp\/v2\/product"}],"about":[{"href":"https:\/\/kasadesign.com.ar\/store\/index.php?rest_route=\/wp\/v2\/types\/product"}],"replies":[{"embeddable":true,"href":"https:\/\/kasadesign.com.ar\/store\/index.php?rest_route=%2Fwp%2Fv2%2Fcomments&post=8019"}],"wp:featuredmedia":[{"embeddable":true,"href":"https:\/\/kasadesign.com.ar\/store\/index.php?rest_route=\/wp\/v2\/media\/8020"}],"wp:attachment":[{"href":"https:\/\/kasadesign.com.ar\/store\/index.php?rest_route=%2Fwp%2Fv2%2Fmedia&parent=8019"}],"wp:term":[{"taxonomy":"product_brand","embeddable":true,"href":"https:\/\/kasadesign.com.ar\/store\/index.php?rest_route=%2Fwp%2Fv2%2Fproduct_brand&post=8019"},{"taxonomy":"product_cat","embeddable":true,"href":"https:\/\/kasadesign.com.ar\/store\/index.php?rest_route=%2Fwp%2Fv2%2Fproduct_cat&post=8019"},{"taxonomy":"product_tag","embeddable":true,"href":"https:\/\/kasadesign.com.ar\/store\/index.php?rest_route=%2Fwp%2Fv2%2Fproduct_tag&post=8019"}],"curies":[{"name":"wp","href":"https:\/\/api.w.org\/{rel}","templated":true}]}}