{"id":659,"date":"2015-06-01T11:44:26","date_gmt":"2015-06-01T14:44:26","guid":{"rendered":"http:\/\/kasadesign.com.ar\/store\/?post_type=product&#038;p=659"},"modified":"2025-11-10T09:29:17","modified_gmt":"2025-11-10T12:29:17","slug":"nelson-madera","status":"publish","type":"product","link":"https:\/\/kasadesign.com.ar\/store\/?product=nelson-madera","title":{"rendered":"Nelson Madera Para\u00edso"},"content":{"rendered":"<p style=\"text-align: left;\">una mesa que enamora:<\/p>\n<p style=\"text-align: left;\">Mesa ratona artesanal, enteramente de madera maciza, Mesa Nelson. una mes que e destaca por su sentido est\u00e9tico, y su calidez.<\/p>\n<p style=\"text-align: left;\">de Madera Pinotea o Para\u00edso seg\u00fan stock, consult\u00e1 nuestra disponibilidad de maderas.<\/p>\n<p>Lustrada amano con cera de abejas, o con terminaci\u00f3n poliuretanica. Consult\u00e1 por tu mejor terminaci\u00f3n!<\/p>\n<p>Medidas 1.5 x 50 x 36 cm<\/p>\n<p>Opci\u00f3n en 1.5 x 50 x 40 cm<\/p>\n<p>&nbsp;<\/p>\n","protected":false},"excerpt":{"rendered":"<p>una mesa que enamora: Mesa ratona artesanal, enteramente de madera maciza, Mesa Nelson. una mes que e destaca por su sentido est\u00e9tico, y su calidez. de Madera Pinotea o Para\u00edso seg\u00fan stock, consult\u00e1 nuestra disponibilidad de maderas. Lustrada amano con cera de abejas, o con terminaci\u00f3n poliuretanica. Consult\u00e1 por tu mejor terminaci\u00f3n! Medidas 1.5 x [&hellip;]<\/p>\n","protected":false},"featured_media":1889,"comment_status":"closed","ping_status":"closed","template":"","meta":[],"product_brand":[],"product_cat":[36,42,40],"product_tag":[],"class_list":{"0":"post-659","1":"product","2":"type-product","3":"status-publish","4":"has-post-thumbnail","6":"product_cat-mesas-bajas1","7":"product_cat-mesas","8":"product_cat-todos","10":"first","11":"instock","12":"shipping-taxable","13":"purchasable","14":"product-type-simple"},"_links":{"self":[{"href":"https:\/\/kasadesign.com.ar\/store\/index.php?rest_route=\/wp\/v2\/product\/659","targetHints":{"allow":["GET"]}}],"collection":[{"href":"https:\/\/kasadesign.com.ar\/store\/index.php?rest_route=\/wp\/v2\/product"}],"about":[{"href":"https:\/\/kasadesign.com.ar\/store\/index.php?rest_route=\/wp\/v2\/types\/product"}],"replies":[{"embeddable":true,"href":"https:\/\/kasadesign.com.ar\/store\/index.php?rest_route=%2Fwp%2Fv2%2Fcomments&post=659"}],"wp:featuredmedia":[{"embeddable":true,"href":"https:\/\/kasadesign.com.ar\/store\/index.php?rest_route=\/wp\/v2\/media\/1889"}],"wp:attachment":[{"href":"https:\/\/kasadesign.com.ar\/store\/index.php?rest_route=%2Fwp%2Fv2%2Fmedia&parent=659"}],"wp:term":[{"taxonomy":"product_brand","embeddable":true,"href":"https:\/\/kasadesign.com.ar\/store\/index.php?rest_route=%2Fwp%2Fv2%2Fproduct_brand&post=659"},{"taxonomy":"product_cat","embeddable":true,"href":"https:\/\/kasadesign.com.ar\/store\/index.php?rest_route=%2Fwp%2Fv2%2Fproduct_cat&post=659"},{"taxonomy":"product_tag","embeddable":true,"href":"https:\/\/kasadesign.com.ar\/store\/index.php?rest_route=%2Fwp%2Fv2%2Fproduct_tag&post=659"}],"curies":[{"name":"wp","href":"https:\/\/api.w.org\/{rel}","templated":true}]}}