{"id":3072,"date":"2024-03-27T22:50:42","date_gmt":"2024-03-28T01:50:42","guid":{"rendered":"https:\/\/kasadesign.com.ar\/store\/?post_type=product&#038;p=3072"},"modified":"2026-03-04T09:23:51","modified_gmt":"2026-03-04T12:23:51","slug":"sillon-cama-playero","status":"publish","type":"product","link":"https:\/\/kasadesign.com.ar\/store\/?product=sillon-cama-playero","title":{"rendered":"Sill\u00f3n Cama Playero"},"content":{"rendered":"<p>Sof\u00e1-cama de madera para\u00edso en madera maciza, con lustre natural Cera.<\/p>\n<p>Es un sill\u00f3n extensible, se agranda extrayendose el el\u00e1stico.<\/p>\n<p><strong>Medida cerrado: 2 m x 90 cm x 42 cm alt<\/strong><\/p>\n<p><strong>Medida abierto: 2 m x 1.60 m x 31 cm alt<\/strong><\/p>\n<p>&nbsp;<\/p>\n<p>Viene con los dos colchones, los almohadones de respaldo, y <em><strong>dos almohadones deco de regalo!<\/strong> (con tela de color seg\u00fan disponibilidad)<\/em><\/p>\n<p>Con fundas de Tussor en color blanco Tiza, lavables y extra\u00edbles.<\/p>\n<p>&nbsp;<\/p>\n<p>Es una optima opcion para espacios multifuncionales, monoambientes, espacios peque\u00f1os.<\/p>\n<p>&nbsp;<\/p>\n","protected":false},"excerpt":{"rendered":"<p>Sof\u00e1-cama de madera para\u00edso en madera maciza, con lustre natural Cera.<\/p>\n<p>Es un sill\u00f3n extensible, se agranda extrayendose el el\u00e1stico.<\/p>\n<p><strong>Medida cerrado: 2 m x 90 cm x 42 cm alt<\/strong><\/p>\n<p><strong>Medida abierto: 2 m x 1.60 m x 31 cm alt<\/strong><\/p>\n<p>Viene con los dos colchones, los almohadones de respaldo, y <em><strong>dos almohadones deco de regalo!<\/strong> (con tela de color seg\u00fan disponibilidad)<\/em><\/p>\n<p>Con fundas de Tussor en color blanco Tiza, lavables y extra\u00edbles.<\/p>\n<p>Es una optima opcion para espacios multifuncionales, monoambientes, espacios peque\u00f1os.<\/p>\n","protected":false},"featured_media":3106,"comment_status":"open","ping_status":"closed","template":"","meta":[],"product_brand":[],"product_cat":[90,96,39,61,40],"product_tag":[],"class_list":{"0":"post-3072","1":"product","2":"type-product","3":"status-publish","4":"has-post-thumbnail","6":"product_cat-camas1","7":"product_cat-outlet","8":"product_cat-nuevos1","9":"product_cat-sillones","10":"product_cat-todos","11":"product_shipping_class-producto-grande","13":"first","14":"instock","15":"sale","16":"shipping-taxable","17":"purchasable","18":"product-type-simple"},"_links":{"self":[{"href":"https:\/\/kasadesign.com.ar\/store\/index.php?rest_route=\/wp\/v2\/product\/3072","targetHints":{"allow":["GET"]}}],"collection":[{"href":"https:\/\/kasadesign.com.ar\/store\/index.php?rest_route=\/wp\/v2\/product"}],"about":[{"href":"https:\/\/kasadesign.com.ar\/store\/index.php?rest_route=\/wp\/v2\/types\/product"}],"replies":[{"embeddable":true,"href":"https:\/\/kasadesign.com.ar\/store\/index.php?rest_route=%2Fwp%2Fv2%2Fcomments&post=3072"}],"wp:featuredmedia":[{"embeddable":true,"href":"https:\/\/kasadesign.com.ar\/store\/index.php?rest_route=\/wp\/v2\/media\/3106"}],"wp:attachment":[{"href":"https:\/\/kasadesign.com.ar\/store\/index.php?rest_route=%2Fwp%2Fv2%2Fmedia&parent=3072"}],"wp:term":[{"taxonomy":"product_brand","embeddable":true,"href":"https:\/\/kasadesign.com.ar\/store\/index.php?rest_route=%2Fwp%2Fv2%2Fproduct_brand&post=3072"},{"taxonomy":"product_cat","embeddable":true,"href":"https:\/\/kasadesign.com.ar\/store\/index.php?rest_route=%2Fwp%2Fv2%2Fproduct_cat&post=3072"},{"taxonomy":"product_tag","embeddable":true,"href":"https:\/\/kasadesign.com.ar\/store\/index.php?rest_route=%2Fwp%2Fv2%2Fproduct_tag&post=3072"}],"curies":[{"name":"wp","href":"https:\/\/api.w.org\/{rel}","templated":true}]}}