{"id":2291,"date":"2020-01-31T11:22:29","date_gmt":"2020-01-31T14:22:29","guid":{"rendered":"https:\/\/kasadesign.com.ar\/store\/?post_type=product&#038;p=2291"},"modified":"2025-11-10T09:26:48","modified_gmt":"2025-11-10T12:26:48","slug":"espejo-circular-paraiso","status":"publish","type":"product","link":"https:\/\/kasadesign.com.ar\/store\/?product=espejo-circular-paraiso","title":{"rendered":"Espejo circular para\u00edso"},"content":{"rendered":"<p>Espejo circular, de marco y fondo de madera para\u00edso. Di\u00e1metro 60 cm<\/p>\n<p>Listo para colgar!<\/p>\n<p>Esteticamente limpio de lineas, queda hermoso en una entrada o en un ba\u00f1o!<\/p>\n<p>Demora aproximada de producci\u00f3n 20 d\u00edas.<\/p>\n","protected":false},"excerpt":{"rendered":"<p>Espejo de madera paraiso.<\/p>\n<p>Diametro 60 cm<\/p>\n<p>Listo para colgar!<\/p>\n","protected":false},"featured_media":2363,"comment_status":"open","ping_status":"closed","template":"","meta":[],"product_brand":[],"product_cat":[28,39,40],"product_tag":[],"class_list":{"0":"post-2291","1":"product","2":"type-product","3":"status-publish","4":"has-post-thumbnail","6":"product_cat-accesorios1","7":"product_cat-nuevos1","8":"product_cat-todos","10":"first","11":"instock","12":"shipping-taxable","13":"purchasable","14":"product-type-simple"},"_links":{"self":[{"href":"https:\/\/kasadesign.com.ar\/store\/index.php?rest_route=\/wp\/v2\/product\/2291","targetHints":{"allow":["GET"]}}],"collection":[{"href":"https:\/\/kasadesign.com.ar\/store\/index.php?rest_route=\/wp\/v2\/product"}],"about":[{"href":"https:\/\/kasadesign.com.ar\/store\/index.php?rest_route=\/wp\/v2\/types\/product"}],"replies":[{"embeddable":true,"href":"https:\/\/kasadesign.com.ar\/store\/index.php?rest_route=%2Fwp%2Fv2%2Fcomments&post=2291"}],"wp:featuredmedia":[{"embeddable":true,"href":"https:\/\/kasadesign.com.ar\/store\/index.php?rest_route=\/wp\/v2\/media\/2363"}],"wp:attachment":[{"href":"https:\/\/kasadesign.com.ar\/store\/index.php?rest_route=%2Fwp%2Fv2%2Fmedia&parent=2291"}],"wp:term":[{"taxonomy":"product_brand","embeddable":true,"href":"https:\/\/kasadesign.com.ar\/store\/index.php?rest_route=%2Fwp%2Fv2%2Fproduct_brand&post=2291"},{"taxonomy":"product_cat","embeddable":true,"href":"https:\/\/kasadesign.com.ar\/store\/index.php?rest_route=%2Fwp%2Fv2%2Fproduct_cat&post=2291"},{"taxonomy":"product_tag","embeddable":true,"href":"https:\/\/kasadesign.com.ar\/store\/index.php?rest_route=%2Fwp%2Fv2%2Fproduct_tag&post=2291"}],"curies":[{"name":"wp","href":"https:\/\/api.w.org\/{rel}","templated":true}]}}