{"id":2147,"date":"2018-09-14T12:28:25","date_gmt":"2018-09-14T15:28:25","guid":{"rendered":"http:\/\/kasadesign.com.ar\/store\/?post_type=product&#038;p=2147"},"modified":"2025-11-10T09:27:16","modified_gmt":"2025-11-10T12:27:16","slug":"puff-alto","status":"publish","type":"product","link":"https:\/\/kasadesign.com.ar\/store\/?product=puff-alto","title":{"rendered":"Puff Alto"},"content":{"rendered":"","protected":false},"excerpt":{"rendered":"<p>Puff tapizado en tela panam\u00e1 a elecci\u00f3n, con respaldo y almohad\u00f3n removible.<\/p>\n<p>Di\u00e1metro 50 cm. Altura respaldo 70 cm.<\/p>\n","protected":false},"featured_media":2988,"comment_status":"open","ping_status":"closed","template":"","meta":[],"product_brand":[],"product_cat":[29,39,61,40],"product_tag":[],"class_list":{"0":"post-2147","1":"product","2":"type-product","3":"status-publish","4":"has-post-thumbnail","6":"product_cat-bancos1","7":"product_cat-nuevos1","8":"product_cat-sillones","9":"product_cat-todos","11":"first","12":"instock","13":"shipping-taxable","14":"purchasable","15":"product-type-simple"},"_links":{"self":[{"href":"https:\/\/kasadesign.com.ar\/store\/index.php?rest_route=\/wp\/v2\/product\/2147","targetHints":{"allow":["GET"]}}],"collection":[{"href":"https:\/\/kasadesign.com.ar\/store\/index.php?rest_route=\/wp\/v2\/product"}],"about":[{"href":"https:\/\/kasadesign.com.ar\/store\/index.php?rest_route=\/wp\/v2\/types\/product"}],"replies":[{"embeddable":true,"href":"https:\/\/kasadesign.com.ar\/store\/index.php?rest_route=%2Fwp%2Fv2%2Fcomments&post=2147"}],"wp:featuredmedia":[{"embeddable":true,"href":"https:\/\/kasadesign.com.ar\/store\/index.php?rest_route=\/wp\/v2\/media\/2988"}],"wp:attachment":[{"href":"https:\/\/kasadesign.com.ar\/store\/index.php?rest_route=%2Fwp%2Fv2%2Fmedia&parent=2147"}],"wp:term":[{"taxonomy":"product_brand","embeddable":true,"href":"https:\/\/kasadesign.com.ar\/store\/index.php?rest_route=%2Fwp%2Fv2%2Fproduct_brand&post=2147"},{"taxonomy":"product_cat","embeddable":true,"href":"https:\/\/kasadesign.com.ar\/store\/index.php?rest_route=%2Fwp%2Fv2%2Fproduct_cat&post=2147"},{"taxonomy":"product_tag","embeddable":true,"href":"https:\/\/kasadesign.com.ar\/store\/index.php?rest_route=%2Fwp%2Fv2%2Fproduct_tag&post=2147"}],"curies":[{"name":"wp","href":"https:\/\/api.w.org\/{rel}","templated":true}]}}