{"id":1587,"date":"2017-06-07T16:30:09","date_gmt":"2017-06-07T19:30:09","guid":{"rendered":"http:\/\/kasadesign.com.ar\/store\/?post_type=product&#038;p=1587"},"modified":"2025-11-10T09:27:31","modified_gmt":"2025-11-10T12:27:31","slug":"botiquin-nube","status":"publish","type":"product","link":"https:\/\/kasadesign.com.ar\/store\/?product=botiquin-nube","title":{"rendered":"Botiqu\u00edn Nube"},"content":{"rendered":"<p>Botiqu\u00edn colgante para guardado de ba\u00f1o, todo laqueado, ideal para espacios peque\u00f1os, con espejo y una puerta. En color blanco semimate.<\/p>\n","protected":false},"excerpt":{"rendered":"<p>Botiqu\u00edn colgante para guardado de ba\u00f1o, todo laqueado, ideal para espacios peque\u00f1os, con espejo y una puerta. En color blanco semimate.<\/p>\n","protected":false},"featured_media":1506,"comment_status":"closed","ping_status":"closed","template":"","meta":[],"product_brand":[],"product_cat":[28,40],"product_tag":[],"class_list":{"0":"post-1587","1":"product","2":"type-product","3":"status-publish","4":"has-post-thumbnail","6":"product_cat-accesorios1","7":"product_cat-todos","9":"first","10":"instock","11":"shipping-taxable","12":"purchasable","13":"product-type-simple"},"_links":{"self":[{"href":"https:\/\/kasadesign.com.ar\/store\/index.php?rest_route=\/wp\/v2\/product\/1587","targetHints":{"allow":["GET"]}}],"collection":[{"href":"https:\/\/kasadesign.com.ar\/store\/index.php?rest_route=\/wp\/v2\/product"}],"about":[{"href":"https:\/\/kasadesign.com.ar\/store\/index.php?rest_route=\/wp\/v2\/types\/product"}],"replies":[{"embeddable":true,"href":"https:\/\/kasadesign.com.ar\/store\/index.php?rest_route=%2Fwp%2Fv2%2Fcomments&post=1587"}],"wp:featuredmedia":[{"embeddable":true,"href":"https:\/\/kasadesign.com.ar\/store\/index.php?rest_route=\/wp\/v2\/media\/1506"}],"wp:attachment":[{"href":"https:\/\/kasadesign.com.ar\/store\/index.php?rest_route=%2Fwp%2Fv2%2Fmedia&parent=1587"}],"wp:term":[{"taxonomy":"product_brand","embeddable":true,"href":"https:\/\/kasadesign.com.ar\/store\/index.php?rest_route=%2Fwp%2Fv2%2Fproduct_brand&post=1587"},{"taxonomy":"product_cat","embeddable":true,"href":"https:\/\/kasadesign.com.ar\/store\/index.php?rest_route=%2Fwp%2Fv2%2Fproduct_cat&post=1587"},{"taxonomy":"product_tag","embeddable":true,"href":"https:\/\/kasadesign.com.ar\/store\/index.php?rest_route=%2Fwp%2Fv2%2Fproduct_tag&post=1587"}],"curies":[{"name":"wp","href":"https:\/\/api.w.org\/{rel}","templated":true}]}}