{"id":1499,"date":"2017-01-31T11:20:06","date_gmt":"2017-01-31T14:20:06","guid":{"rendered":"http:\/\/kasadesign.com.ar\/store\/?post_type=product&#038;p=1499"},"modified":"2025-11-10T09:27:37","modified_gmt":"2025-11-10T12:27:37","slug":"cesto-grid-3-2","status":"publish","type":"product","link":"https:\/\/kasadesign.com.ar\/store\/?product=cesto-grid-3-2","title":{"rendered":"Mueble Recibidor"},"content":{"rendered":"<div style=\"text-align: center;\">Terminaci\u00f3n: Laca blanca, madera para\u00edso<\/div>\n<div><\/div>\n<div>Mueble idea para colocar en un espacio de entrada, para guardar los objetos que usamos d\u00eda a d\u00eda<\/div>\n<div><\/div>\n<div>Mueble colgante<\/div>\n<div><\/div>\n<p>&nbsp;<\/p>\n","protected":false},"excerpt":{"rendered":"<p>Terminaci\u00f3n: Laca blanca, madera para\u00edso Mueble idea para colocar en un espacio de entrada, para guardar los objetos que usamos d\u00eda a d\u00eda Mueble colgante &nbsp;<\/p>\n","protected":false},"featured_media":1770,"comment_status":"closed","ping_status":"closed","template":"","meta":[],"product_brand":[],"product_cat":[28,32,38,40],"product_tag":[],"class_list":{"0":"post-1499","1":"product","2":"type-product","3":"status-publish","4":"has-post-thumbnail","6":"product_cat-accesorios1","7":"product_cat-comodas1","8":"product_cat-muebles-de-tv1","9":"product_cat-todos","11":"first","12":"instock","13":"shipping-taxable","14":"purchasable","15":"product-type-simple"},"_links":{"self":[{"href":"https:\/\/kasadesign.com.ar\/store\/index.php?rest_route=\/wp\/v2\/product\/1499","targetHints":{"allow":["GET"]}}],"collection":[{"href":"https:\/\/kasadesign.com.ar\/store\/index.php?rest_route=\/wp\/v2\/product"}],"about":[{"href":"https:\/\/kasadesign.com.ar\/store\/index.php?rest_route=\/wp\/v2\/types\/product"}],"replies":[{"embeddable":true,"href":"https:\/\/kasadesign.com.ar\/store\/index.php?rest_route=%2Fwp%2Fv2%2Fcomments&post=1499"}],"wp:featuredmedia":[{"embeddable":true,"href":"https:\/\/kasadesign.com.ar\/store\/index.php?rest_route=\/wp\/v2\/media\/1770"}],"wp:attachment":[{"href":"https:\/\/kasadesign.com.ar\/store\/index.php?rest_route=%2Fwp%2Fv2%2Fmedia&parent=1499"}],"wp:term":[{"taxonomy":"product_brand","embeddable":true,"href":"https:\/\/kasadesign.com.ar\/store\/index.php?rest_route=%2Fwp%2Fv2%2Fproduct_brand&post=1499"},{"taxonomy":"product_cat","embeddable":true,"href":"https:\/\/kasadesign.com.ar\/store\/index.php?rest_route=%2Fwp%2Fv2%2Fproduct_cat&post=1499"},{"taxonomy":"product_tag","embeddable":true,"href":"https:\/\/kasadesign.com.ar\/store\/index.php?rest_route=%2Fwp%2Fv2%2Fproduct_tag&post=1499"}],"curies":[{"name":"wp","href":"https:\/\/api.w.org\/{rel}","templated":true}]}}